{"id":2668,"date":"2025-03-21T12:39:22","date_gmt":"2025-03-21T11:39:22","guid":{"rendered":"https:\/\/multischool.pl\/?page_id=2668"},"modified":"2025-04-14T13:11:21","modified_gmt":"2025-04-14T11:11:21","slug":"artykuly_blogi","status":"publish","type":"page","link":"https:\/\/multischool.pl\/en\/artykuly_blogi\/","title":{"rendered":"Articles and Blogs"},"content":{"rendered":"<div class=\"wp-block-uagb-info-box uagb-block-780c2ac7 uagb-infobox__content-wrap  uagb-infobox-icon-left uagb-infobox-left uagb-infobox-stacked-tablet uagb-infobox-image-valign-top\"><div class=\"uagb-ifb-icon-wrap\"><svg xmlns=\"https:\/\/www.w3.org\/2000\/svg\" viewbox=\"0 0 512 512\"><path d=\"M0 256C0 114.6 114.6 0 256 0C397.4 0 512 114.6 512 256C512 397.4 397.4 512 256 512C114.6 512 0 397.4 0 256zM371.8 211.8C382.7 200.9 382.7 183.1 371.8 172.2C360.9 161.3 343.1 161.3 332.2 172.2L224 280.4L179.8 236.2C168.9 225.3 151.1 225.3 140.2 236.2C129.3 247.1 129.3 264.9 140.2 275.8L204.2 339.8C215.1 350.7 232.9 350.7 243.8 339.8L371.8 211.8z\"><\/path><\/svg><\/div><div class=\"uagb-ifb-content\"><div class=\"uagb-ifb-title-wrap\"><h3 class=\"uagb-ifb-title\">Tips and recommendations for parents<\/h3><\/div><div class=\"uagb-ifb-separator\"><\/div><p class=\"uagb-ifb-desc\">We invite you to read the articles looking for the Best School for Your Child:<\/p><\/div><\/div>\n\n\n\n<div class=\"wp-block-uagb-separator uagb-block-f363a025 wp-block-uagb-separator--icon\"><div class=\"uagb-separator-spacing-wrapper\"><div class=\"wp-block-uagb-separator__inner\" style=\"--my-background-image:\"><div class=\"wp-block-uagb-separator-element\"><svg xmlns=\"https:\/\/www.w3.org\/2000\/svg\" viewbox=\"0 0 512 512\"><path d=\"M256 32C114.6 32 .0272 125.1 .0272 240c0 49.63 21.35 94.98 56.97 130.7c-12.5 50.37-54.27 95.27-54.77 95.77c-2.25 2.25-2.875 5.734-1.5 8.734C1.979 478.2 4.75 480 8 480c66.25 0 115.1-31.76 140.6-51.39C181.2 440.9 217.6 448 256 448c141.4 0 255.1-93.13 255.1-208S397.4 32 256 32z\"><\/path><\/svg><\/div><\/div><\/div><\/div>\n\n\n\n<div class=\"wp-block-uagb-call-to-action uagb-block-f2675a8b wp-block-button\"><div class=\"uagb-cta__wrap\"><h3 class=\"uagb-cta__title\"><strong><a href=\"https:\/\/multischool.pl\/en\/blog_jak_wybrac_najlepsza_szkole_miedzynarodowa_w_warszawie\/\">How to choose the best international school in Warsaw?<\/a><\/strong><\/h3><p class=\"uagb-cta__desc\">Choosing the right international school for your child is a crucial decision\u2026<\/p><\/div><div class=\"uagb-cta__buttons\"><a href=\"https:\/\/multischool.pl\/en\/blog_jak_wybrac_najlepsza_szkole_miedzynarodowa_w_warszawie\/\" class=\"uagb-cta__button-link-wrapper wp-block-button__link\" target=\"_self\" rel=\"noopener noreferrer\">Read More<svg xmlns=\"https:\/\/www.w3.org\/2000\/svg\" viewbox=\"0 0 512 512\"><path d=\"M504.3 273.6l-112.1 104c-6.992 6.484-17.18 8.218-25.94 4.406c-8.758-3.812-14.42-12.45-14.42-21.1L351.9 288H32C14.33 288 .0002 273.7 .0002 255.1S14.33 224 32 224h319.9l0-72c0-9.547 5.66-18.19 14.42-22c8.754-3.809 18.95-2.075 25.94 4.41l112.1 104C514.6 247.9 514.6 264.1 504.3 273.6z\"><\/path><\/svg><\/a><\/div><\/div>\n\n\n\n<div class=\"wp-block-uagb-separator uagb-block-0abedb8f wp-block-uagb-separator--icon\"><div class=\"uagb-separator-spacing-wrapper\"><div class=\"wp-block-uagb-separator__inner\" style=\"--my-background-image:\"><div class=\"wp-block-uagb-separator-element\"><svg xmlns=\"https:\/\/www.w3.org\/2000\/svg\" viewbox=\"0 0 512 512\"><path d=\"M256 32C114.6 32 .0272 125.1 .0272 240c0 49.63 21.35 94.98 56.97 130.7c-12.5 50.37-54.27 95.27-54.77 95.77c-2.25 2.25-2.875 5.734-1.5 8.734C1.979 478.2 4.75 480 8 480c66.25 0 115.1-31.76 140.6-51.39C181.2 440.9 217.6 448 256 448c141.4 0 255.1-93.13 255.1-208S397.4 32 256 32z\"><\/path><\/svg><\/div><\/div><\/div><\/div>\n\n\n\n<div class=\"wp-block-uagb-call-to-action uagb-block-6ebc4000 wp-block-button\"><div class=\"uagb-cta__wrap\"><h3 class=\"uagb-cta__title\"><strong><strong><a href=\"https:\/\/multischool.pl\/en\/korzysci_z_nauki_w_dwujezycznej_szkole_w_warszawie\/\">Benefits of studying at a bilingual school in Warsaw<\/a><\/strong><\/strong><\/h3><p class=\"uagb-cta__desc\">In today's world, knowing more than one language is a huge advantage\u2026<\/p><\/div><div class=\"uagb-cta__buttons\"><a href=\"https:\/\/multischool.pl\/en\/korzysci_z_nauki_w_dwujezycznej_szkole_w_warszawie\/\" class=\"uagb-cta__button-link-wrapper wp-block-button__link\" target=\"_self\" rel=\"noopener noreferrer\">Read More<svg xmlns=\"https:\/\/www.w3.org\/2000\/svg\" viewbox=\"0 0 512 512\"><path d=\"M504.3 273.6l-112.1 104c-6.992 6.484-17.18 8.218-25.94 4.406c-8.758-3.812-14.42-12.45-14.42-21.1L351.9 288H32C14.33 288 .0002 273.7 .0002 255.1S14.33 224 32 224h319.9l0-72c0-9.547 5.66-18.19 14.42-22c8.754-3.809 18.95-2.075 25.94 4.41l112.1 104C514.6 247.9 514.6 264.1 504.3 273.6z\"><\/path><\/svg><\/a><\/div><\/div>\n\n\n\n<div class=\"wp-block-uagb-separator uagb-block-b00ecde1 wp-block-uagb-separator--icon\"><div class=\"uagb-separator-spacing-wrapper\"><div class=\"wp-block-uagb-separator__inner\" style=\"--my-background-image:\"><div class=\"wp-block-uagb-separator-element\"><svg xmlns=\"https:\/\/www.w3.org\/2000\/svg\" viewbox=\"0 0 512 512\"><path d=\"M256 32C114.6 32 .0272 125.1 .0272 240c0 49.63 21.35 94.98 56.97 130.7c-12.5 50.37-54.27 95.27-54.77 95.77c-2.25 2.25-2.875 5.734-1.5 8.734C1.979 478.2 4.75 480 8 480c66.25 0 115.1-31.76 140.6-51.39C181.2 440.9 217.6 448 256 448c141.4 0 255.1-93.13 255.1-208S397.4 32 256 32z\"><\/path><\/svg><\/div><\/div><\/div><\/div>\n\n\n\n<div class=\"wp-block-uagb-call-to-action uagb-block-ecfb7b03 wp-block-button\"><div class=\"uagb-cta__wrap\"><h3 class=\"uagb-cta__title\"><strong><strong><strong><a href=\"https:\/\/multischool.pl\/en\/international_education_in_warsaw-_what_to_expect\/\">International Education in Warsaw \u2013 What to Expect?<\/a><\/strong><\/strong><\/strong><\/h3><p class=\"uagb-cta__desc\">Warsaw has become a hub for international education, offering a wide range of schools&#8230;<\/p><\/div><div class=\"uagb-cta__buttons\"><a href=\"https:\/\/multischool.pl\/en\/international_education_in_warsaw-_what_to_expect\/\" class=\"uagb-cta__button-link-wrapper wp-block-button__link\" target=\"_self\" rel=\"noopener noreferrer\">Read More<svg xmlns=\"https:\/\/www.w3.org\/2000\/svg\" viewbox=\"0 0 512 512\"><path d=\"M504.3 273.6l-112.1 104c-6.992 6.484-17.18 8.218-25.94 4.406c-8.758-3.812-14.42-12.45-14.42-21.1L351.9 288H32C14.33 288 .0002 273.7 .0002 255.1S14.33 224 32 224h319.9l0-72c0-9.547 5.66-18.19 14.42-22c8.754-3.809 18.95-2.075 25.94 4.41l112.1 104C514.6 247.9 514.6 264.1 504.3 273.6z\"><\/path><\/svg><\/a><\/div><\/div>\n\n\n\n<div class=\"wp-block-uagb-separator uagb-block-de451b5e wp-block-uagb-separator--icon\"><div class=\"uagb-separator-spacing-wrapper\"><div class=\"wp-block-uagb-separator__inner\" style=\"--my-background-image:\"><div class=\"wp-block-uagb-separator-element\"><svg xmlns=\"https:\/\/www.w3.org\/2000\/svg\" viewbox=\"0 0 512 512\"><path d=\"M256 32C114.6 32 .0272 125.1 .0272 240c0 49.63 21.35 94.98 56.97 130.7c-12.5 50.37-54.27 95.27-54.77 95.77c-2.25 2.25-2.875 5.734-1.5 8.734C1.979 478.2 4.75 480 8 480c66.25 0 115.1-31.76 140.6-51.39C181.2 440.9 217.6 448 256 448c141.4 0 255.1-93.13 255.1-208S397.4 32 256 32z\"><\/path><\/svg><\/div><\/div><\/div><\/div>\n\n\n\n<div class=\"wp-block-uagb-call-to-action uagb-block-f8f37da1 wp-block-button\"><div class=\"uagb-cta__wrap\"><h3 class=\"uagb-cta__title\"><strong><strong><strong><strong><a href=\"https:\/\/multischool.pl\/en\/benefity-nauki-z-native-speakerem\/\" data-type=\"page\" data-id=\"2706\">Benefits of learning with a native speaker<\/a><\/strong><\/strong><\/strong><\/strong><\/h3><p class=\"uagb-cta__desc\">Native speakers offer unique benefits\u2026<\/p><\/div><div class=\"uagb-cta__buttons\"><a href=\"https:\/\/multischool.pl\/en\/international_education_in_warsaw-_what_to_expect\/\" class=\"uagb-cta__button-link-wrapper wp-block-button__link\" target=\"_self\" rel=\"noopener noreferrer\">Read More<svg xmlns=\"https:\/\/www.w3.org\/2000\/svg\" viewbox=\"0 0 512 512\"><path d=\"M504.3 273.6l-112.1 104c-6.992 6.484-17.18 8.218-25.94 4.406c-8.758-3.812-14.42-12.45-14.42-21.1L351.9 288H32C14.33 288 .0002 273.7 .0002 255.1S14.33 224 32 224h319.9l0-72c0-9.547 5.66-18.19 14.42-22c8.754-3.809 18.95-2.075 25.94 4.41l112.1 104C514.6 247.9 514.6 264.1 504.3 273.6z\"><\/path><\/svg><\/a><\/div><\/div>\n\n\n\n<div class=\"wp-block-uagb-separator uagb-block-bcf73a0d wp-block-uagb-separator--icon\"><div class=\"uagb-separator-spacing-wrapper\"><div class=\"wp-block-uagb-separator__inner\" style=\"--my-background-image:\"><div class=\"wp-block-uagb-separator-element\"><svg xmlns=\"https:\/\/www.w3.org\/2000\/svg\" viewbox=\"0 0 512 512\"><path d=\"M256 32C114.6 32 .0272 125.1 .0272 240c0 49.63 21.35 94.98 56.97 130.7c-12.5 50.37-54.27 95.27-54.77 95.77c-2.25 2.25-2.875 5.734-1.5 8.734C1.979 478.2 4.75 480 8 480c66.25 0 115.1-31.76 140.6-51.39C181.2 440.9 217.6 448 256 448c141.4 0 255.1-93.13 255.1-208S397.4 32 256 32z\"><\/path><\/svg><\/div><\/div><\/div><\/div>\n\n\n\n<div class=\"wp-block-uagb-call-to-action uagb-block-73a7a4da wp-block-button\"><div class=\"uagb-cta__wrap\"><h3 class=\"uagb-cta__title\"><strong><strong><strong><strong><a href=\"https:\/\/multischool.pl\/en\/jak-znalezc-szkole-dla-dziecka-po-przeprowadzce-z-zagranicy\/\" data-type=\"page\" data-id=\"2710\">How to find a school for your child after moving abroad<\/a><\/strong><\/strong><\/strong><\/strong><\/h3><p class=\"uagb-cta__desc\">Moving to a new country is a big challenge, especially for families with children\u2026<\/p><\/div><div class=\"uagb-cta__buttons\"><a href=\"https:\/\/multischool.pl\/en\/international_education_in_warsaw-_what_to_expect\/\" class=\"uagb-cta__button-link-wrapper wp-block-button__link\" target=\"_self\" rel=\"noopener noreferrer\">Read More<svg xmlns=\"https:\/\/www.w3.org\/2000\/svg\" viewbox=\"0 0 512 512\"><path d=\"M504.3 273.6l-112.1 104c-6.992 6.484-17.18 8.218-25.94 4.406c-8.758-3.812-14.42-12.45-14.42-21.1L351.9 288H32C14.33 288 .0002 273.7 .0002 255.1S14.33 224 32 224h319.9l0-72c0-9.547 5.66-18.19 14.42-22c8.754-3.809 18.95-2.075 25.94 4.41l112.1 104C514.6 247.9 514.6 264.1 504.3 273.6z\"><\/path><\/svg><\/a><\/div><\/div>\n\n\n\n<div class=\"wp-block-uagb-separator uagb-block-a50511bd wp-block-uagb-separator--icon\"><div class=\"uagb-separator-spacing-wrapper\"><div class=\"wp-block-uagb-separator__inner\" style=\"--my-background-image:\"><div class=\"wp-block-uagb-separator-element\"><svg xmlns=\"https:\/\/www.w3.org\/2000\/svg\" viewbox=\"0 0 512 512\"><path d=\"M256 32C114.6 32 .0272 125.1 .0272 240c0 49.63 21.35 94.98 56.97 130.7c-12.5 50.37-54.27 95.27-54.77 95.77c-2.25 2.25-2.875 5.734-1.5 8.734C1.979 478.2 4.75 480 8 480c66.25 0 115.1-31.76 140.6-51.39C181.2 440.9 217.6 448 256 448c141.4 0 255.1-93.13 255.1-208S397.4 32 256 32z\"><\/path><\/svg><\/div><\/div><\/div><\/div>\n\n\n\n<div class=\"wp-block-uagb-call-to-action uagb-block-9a0612cf wp-block-button\"><div class=\"uagb-cta__wrap\"><h3 class=\"uagb-cta__title\"><strong><strong><strong><strong><strong><a href=\"https:\/\/multischool.pl\/en\/jak-pomoc-dziecku-odnalezc-sie-w-nowej-szkole\/\" data-type=\"page\" data-id=\"2714\">How to help your child find their way in a new school<\/a><\/strong><\/strong><\/strong><\/strong><\/strong><\/h3><p class=\"uagb-cta__desc\">As a parent, you can help your child adapt to the new situation and make this process easier for them\u2026<\/p><\/div><div class=\"uagb-cta__buttons\"><a href=\"https:\/\/multischool.pl\/en\/international_education_in_warsaw-_what_to_expect\/\" class=\"uagb-cta__button-link-wrapper wp-block-button__link\" target=\"_self\" rel=\"noopener noreferrer\">Read More<svg xmlns=\"https:\/\/www.w3.org\/2000\/svg\" viewbox=\"0 0 512 512\"><path d=\"M504.3 273.6l-112.1 104c-6.992 6.484-17.18 8.218-25.94 4.406c-8.758-3.812-14.42-12.45-14.42-21.1L351.9 288H32C14.33 288 .0002 273.7 .0002 255.1S14.33 224 32 224h319.9l0-72c0-9.547 5.66-18.19 14.42-22c8.754-3.809 18.95-2.075 25.94 4.41l112.1 104C514.6 247.9 514.6 264.1 504.3 273.6z\"><\/path><\/svg><\/a><\/div><\/div>\n\n\n\n<div class=\"wp-block-uagb-separator uagb-block-4c42ab7f wp-block-uagb-separator--icon\"><div class=\"uagb-separator-spacing-wrapper\"><div class=\"wp-block-uagb-separator__inner\" style=\"--my-background-image:\"><div class=\"wp-block-uagb-separator-element\"><svg xmlns=\"https:\/\/www.w3.org\/2000\/svg\" viewbox=\"0 0 512 512\"><path d=\"M256 32C114.6 32 .0272 125.1 .0272 240c0 49.63 21.35 94.98 56.97 130.7c-12.5 50.37-54.27 95.27-54.77 95.77c-2.25 2.25-2.875 5.734-1.5 8.734C1.979 478.2 4.75 480 8 480c66.25 0 115.1-31.76 140.6-51.39C181.2 440.9 217.6 448 256 448c141.4 0 255.1-93.13 255.1-208S397.4 32 256 32z\"><\/path><\/svg><\/div><\/div><\/div><\/div>\n\n\n\n<div class=\"wp-block-uagb-info-box uagb-block-bb993399 uagb-infobox__content-wrap  uagb-infobox-icon-left uagb-infobox-left uagb-infobox-stacked-tablet uagb-infobox-image-valign-top\"><div class=\"uagb-ifb-icon-wrap\"><svg xmlns=\"https:\/\/www.w3.org\/2000\/svg\" viewbox=\"0 0 512 512\"><path d=\"M0 256C0 114.6 114.6 0 256 0C397.4 0 512 114.6 512 256C512 397.4 397.4 512 256 512C114.6 512 0 397.4 0 256zM371.8 211.8C382.7 200.9 382.7 183.1 371.8 172.2C360.9 161.3 343.1 161.3 332.2 172.2L224 280.4L179.8 236.2C168.9 225.3 151.1 225.3 140.2 236.2C129.3 247.1 129.3 264.9 140.2 275.8L204.2 339.8C215.1 350.7 232.9 350.7 243.8 339.8L371.8 211.8z\"><\/path><\/svg><\/div><div class=\"uagb-ifb-content\"><div class=\"uagb-ifb-title-wrap\"><h3 class=\"uagb-ifb-title\"><a href=\"https:\/\/multischool.pl\/en\/about-us\/\">About Us<\/a><\/h3><\/div><div class=\"uagb-ifb-separator\"><\/div><p class=\"uagb-ifb-desc\"><strong>MULTISCHOOL <\/strong>is a bilingual, international, Polish-English school. We offer bilingual education, implementing both the Polish and British core curriculum. The British curriculum is taught by teachers from English-speaking countries (native speakers). The British curriculum is based on British textbooks. British curriculum classes are held daily, totaling a minimum of 12-14 teaching hours per week, constituting an integral part of the overall educational program. English-speaking teachers are also class teachers and actively participate in all school life and events.<\/p><\/div><\/div>\n\n\n\n<p><strong>MULTISCHOOL<\/strong> has been active in the education market since 1999. From the very beginning, we have been involved in education \u2013 initially, we successfully ran a network of language schools. Since 2001, we have also run preschools \u2013 Bajkowa Kraina Language Preschools. A natural consequence of our educational activities was the establishment of the MULTISCHOOL International Primary School. We are an educational group offering comprehensive education for children from the age of two.&nbsp;<\/p>\n\n\n\n<p>We operate in a modern and dynamic environment, constantly evolving. We care about the comprehensive development of our preschoolers and students, and we place great emphasis on foreign language teaching. We implement our own educational programs and participate in numerous educational projects and initiatives. We have always been guided by the idea of \u200b\u200beducating with passion, according to the best practices and standards.<\/p>\n\n\n\n<div class=\"wp-block-uagb-separator uagb-block-972705fe wp-block-uagb-separator--icon\"><div class=\"uagb-separator-spacing-wrapper\"><div class=\"wp-block-uagb-separator__inner\" style=\"--my-background-image:\"><div class=\"wp-block-uagb-separator-element\"><svg xmlns=\"https:\/\/www.w3.org\/2000\/svg\" viewbox=\"0 0 512 512\"><path d=\"M256 32C114.6 32 .0272 125.1 .0272 240c0 49.63 21.35 94.98 56.97 130.7c-12.5 50.37-54.27 95.27-54.77 95.77c-2.25 2.25-2.875 5.734-1.5 8.734C1.979 478.2 4.75 480 8 480c66.25 0 115.1-31.76 140.6-51.39C181.2 440.9 217.6 448 256 448c141.4 0 255.1-93.13 255.1-208S397.4 32 256 32z\"><\/path><\/svg><\/div><\/div><\/div><\/div>\n\n\n\n<div class=\"wp-block-uagb-info-box uagb-block-fd9657ee uagb-infobox__content-wrap  uagb-infobox-icon-left uagb-infobox-left uagb-infobox-stacked-tablet uagb-infobox-image-valign-top\"><div class=\"uagb-ifb-icon-wrap\"><svg xmlns=\"https:\/\/www.w3.org\/2000\/svg\" viewbox=\"0 0 512 512\"><path d=\"M0 256C0 114.6 114.6 0 256 0C397.4 0 512 114.6 512 256C512 397.4 397.4 512 256 512C114.6 512 0 397.4 0 256zM371.8 211.8C382.7 200.9 382.7 183.1 371.8 172.2C360.9 161.3 343.1 161.3 332.2 172.2L224 280.4L179.8 236.2C168.9 225.3 151.1 225.3 140.2 236.2C129.3 247.1 129.3 264.9 140.2 275.8L204.2 339.8C215.1 350.7 232.9 350.7 243.8 339.8L371.8 211.8z\"><\/path><\/svg><\/div><div class=\"uagb-ifb-content\"><div class=\"uagb-ifb-title-wrap\"><h3 class=\"uagb-ifb-title\"><a href=\"https:\/\/multischool.pl\/en\/about-us\/#patron\">Patron of the School<\/a><\/h3><\/div><div class=\"uagb-ifb-separator\"><\/div><p class=\"uagb-ifb-desc\"><strong>Stefan Meller<\/strong> (born July 4, 1942 in Lyon, France, died February 4, 2008 in Warsaw) \u2013 Polish diplomat, historian, publicist, professor of humanities,<br>w latach 2005\u20132006 minister spraw zagranicznych.<\/p><\/div><\/div>\n\n\n\n<p><\/p>","protected":false},"excerpt":{"rendered":"<p>MULTISCHOOL istnieje na rynku edukacyjnym od 1999 roku. Od pocz\u0105tku swojej dzia\u0142alno\u015bci zajmujemy si\u0119 edukacj\u0105 \u2013 na pocz\u0105tku z sukcesami prowadzili\u015bmy sie\u0107 szk\u00f3\u0142 j\u0119zykowych. Od 2001 r. prowadzimy tak\u017ce plac\u00f3wki przedszkolne \u2013 Przedszkola J\u0119zykowe Bajkowa Kraina. Naturaln\u0105 konsekwencj\u0105 naszych dzia\u0142a\u0144 w sferze edukacyjnej by\u0142o powo\u0142anie do \u017cycia Mi\u0119dzynarodowej Szko\u0142y Podstawowej MULTISCHOOL. Jeste\u015bmy&nbsp;grup\u0105 edukacyjn\u0105 oferuj\u0105c\u0105 kompleksow\u0105 [&hellip;]<\/p>\n","protected":false},"author":1,"featured_media":0,"parent":0,"menu_order":0,"comment_status":"closed","ping_status":"closed","template":"","meta":{"_uag_custom_page_level_css":"","site-sidebar-layout":"default","site-content-layout":"","ast-site-content-layout":"default","site-content-style":"default","site-sidebar-style":"default","ast-global-header-display":"","ast-banner-title-visibility":"","ast-main-header-display":"","ast-hfb-above-header-display":"","ast-hfb-below-header-display":"","ast-hfb-mobile-header-display":"","site-post-title":"","ast-breadcrumbs-content":"","ast-featured-img":"","footer-sml-layout":"","ast-disable-related-posts":"","theme-transparent-header-meta":"","adv-header-id-meta":"","stick-header-meta":"","header-above-stick-meta":"","header-main-stick-meta":"","header-below-stick-meta":"","astra-migrate-meta-layouts":"set","ast-page-background-enabled":"default","ast-page-background-meta":{"desktop":{"background-color":"","background-image":"","background-repeat":"repeat","background-position":"center center","background-size":"auto","background-attachment":"scroll","background-type":"","background-media":"","overlay-type":"","overlay-color":"","overlay-opacity":"","overlay-gradient":""},"tablet":{"background-color":"","background-image":"","background-repeat":"repeat","background-position":"center center","background-size":"auto","background-attachment":"scroll","background-type":"","background-media":"","overlay-type":"","overlay-color":"","overlay-opacity":"","overlay-gradient":""},"mobile":{"background-color":"","background-image":"","background-repeat":"repeat","background-position":"center center","background-size":"auto","background-attachment":"scroll","background-type":"","background-media":"","overlay-type":"","overlay-color":"","overlay-opacity":"","overlay-gradient":""}},"ast-content-background-meta":{"desktop":{"background-color":"var(--ast-global-color-5)","background-image":"","background-repeat":"repeat","background-position":"center center","background-size":"auto","background-attachment":"scroll","background-type":"","background-media":"","overlay-type":"","overlay-color":"","overlay-opacity":"","overlay-gradient":""},"tablet":{"background-color":"var(--ast-global-color-5)","background-image":"","background-repeat":"repeat","background-position":"center center","background-size":"auto","background-attachment":"scroll","background-type":"","background-media":"","overlay-type":"","overlay-color":"","overlay-opacity":"","overlay-gradient":""},"mobile":{"background-color":"var(--ast-global-color-5)","background-image":"","background-repeat":"repeat","background-position":"center center","background-size":"auto","background-attachment":"scroll","background-type":"","background-media":"","overlay-type":"","overlay-color":"","overlay-opacity":"","overlay-gradient":""}},"footnotes":""},"class_list":["post-2668","page","type-page","status-publish","hentry"],"uagb_featured_image_src":{"full":false,"thumbnail":false,"medium":false,"medium_large":false,"large":false,"1536x1536":false,"2048x2048":false,"trp-custom-language-flag":false},"uagb_author_info":{"display_name":"kuba.kopec","author_link":"https:\/\/multischool.pl\/en\/author\/kuba-kopec\/"},"uagb_comment_info":0,"uagb_excerpt":"MULTISCHOOL istnieje na rynku edukacyjnym od 1999 roku. Od pocz\u0105tku swojej dzia\u0142alno\u015bci zajmujemy si\u0119 edukacj\u0105 \u2013 na pocz\u0105tku z sukcesami prowadzili\u015bmy sie\u0107 szk\u00f3\u0142 j\u0119zykowych. Od 2001 r. prowadzimy tak\u017ce plac\u00f3wki przedszkolne \u2013 Przedszkola J\u0119zykowe Bajkowa Kraina. Naturaln\u0105 konsekwencj\u0105 naszych dzia\u0142a\u0144 w sferze edukacyjnej by\u0142o powo\u0142anie do \u017cycia Mi\u0119dzynarodowej Szko\u0142y Podstawowej MULTISCHOOL. Jeste\u015bmy&nbsp;grup\u0105 edukacyjn\u0105 oferuj\u0105c\u0105 kompleksow\u0105&hellip;","_links":{"self":[{"href":"https:\/\/multischool.pl\/en\/wp-json\/wp\/v2\/pages\/2668","targetHints":{"allow":["GET"]}}],"collection":[{"href":"https:\/\/multischool.pl\/en\/wp-json\/wp\/v2\/pages"}],"about":[{"href":"https:\/\/multischool.pl\/en\/wp-json\/wp\/v2\/types\/page"}],"author":[{"embeddable":true,"href":"https:\/\/multischool.pl\/en\/wp-json\/wp\/v2\/users\/1"}],"replies":[{"embeddable":true,"href":"https:\/\/multischool.pl\/en\/wp-json\/wp\/v2\/comments?post=2668"}],"version-history":[{"count":17,"href":"https:\/\/multischool.pl\/en\/wp-json\/wp\/v2\/pages\/2668\/revisions"}],"predecessor-version":[{"id":2717,"href":"https:\/\/multischool.pl\/en\/wp-json\/wp\/v2\/pages\/2668\/revisions\/2717"}],"wp:attachment":[{"href":"https:\/\/multischool.pl\/en\/wp-json\/wp\/v2\/media?parent=2668"}],"curies":[{"name":"wp","href":"https:\/\/api.w.org\/{rel}","templated":true}]}}