{"id":2676,"date":"2025-03-21T13:01:37","date_gmt":"2025-03-21T12:01:37","guid":{"rendered":"https:\/\/multischool.pl\/?page_id=2676"},"modified":"2025-03-21T13:35:47","modified_gmt":"2025-03-21T12:35:47","slug":"korzysci_z_nauki_w_dwujezycznej_szkole_w_warszawie","status":"publish","type":"page","link":"https:\/\/multischool.pl\/en\/korzysci_z_nauki_w_dwujezycznej_szkole_w_warszawie\/","title":{"rendered":"Benefits of studying at a bilingual school in Warsaw"},"content":{"rendered":"<p>W dzisiejszym \u015bwiecie znajomo\u015b\u0107 wi\u0119cej ni\u017c jednego j\u0119zyka to ogromna zaleta. Wyb\u00f3r dwuj\u0119zycznej szko\u0142y w Warszawie mo\u017ce by\u0107 jednym z najlepszych krok\u00f3w w kierunku wszechstronnego rozwoju dziecka. Nauka w takim \u015brodowisku niesie za sob\u0105 wiele korzy\u015bci \u2013 zar\u00f3wno akademickich, jak i osobistych. Przyjrzyjmy si\u0119 najwa\u017cniejszym z nich.<\/p>\n\n\n\n<h3 class=\"wp-block-heading\"><strong>1. <strong><strong>Bieg\u0142a znajomo\u015b\u0107 dw\u00f3ch j\u0119zyk\u00f3w<\/strong><\/strong><\/strong><\/h3>\n\n\n\n<p>G\u0142\u00f3wn\u0105 zalet\u0105 ucz\u0119szczania do dwuj\u0119zycznej szko\u0142y jest zdobycie zaawansowanych umiej\u0119tno\u015bci w co najmniej dw\u00f3ch j\u0119zykach. Dzieci, kt\u00f3re od najm\u0142odszych lat ucz\u0105 si\u0119 w dw\u00f3ch j\u0119zykach, osi\u0105gaj\u0105 wy\u017cszy poziom p\u0142ynno\u015bci oraz lepsze rozumienie struktur j\u0119zykowych. To otwiera przed nimi drzwi do mi\u0119dzynarodowych \u015brodowisk akademickich i zawodowych.<\/p>\n\n\n\n<h3 class=\"wp-block-heading\"><strong>2. <strong><strong><strong>Lepsze zdolno\u015bci poznawcze<\/strong><\/strong><\/strong><\/strong><\/h3>\n\n\n\n<p>Badania pokazuj\u0105, \u017ce nauka w dw\u00f3ch j\u0119zykach poprawia zdolno\u015bci poznawcze, takie jak:<\/p>\n\n\n\n<ul class=\"wp-block-list\">\n<li><strong>lepsza koncentracja,<\/strong><\/li>\n<\/ul>\n\n\n\n<ul class=\"wp-block-list\">\n<li><strong>rozwini\u0119ta pami\u0119\u0107 robocza,<\/strong><\/li>\n<\/ul>\n\n\n\n<ul class=\"wp-block-list\">\n<li><strong>umiej\u0119tno\u015b\u0107 rozwi\u0105zywania problem\u00f3w,<\/strong><\/li>\n<\/ul>\n\n\n\n<ul class=\"wp-block-list\">\n<li><strong>bardziej elastyczne my\u015blenie.<\/strong><\/li>\n<\/ul>\n\n\n\n<p>Dwuj\u0119zyczni uczniowie szybciej dostosowuj\u0105 si\u0119 do zmieniaj\u0105cych si\u0119 sytuacji i potrafi\u0105 lepiej analizowa\u0107 informacje.<\/p>\n\n\n\n<h3 class=\"wp-block-heading\"><strong>3. <strong><strong>Wi\u0119ksze szanse na mi\u0119dzynarodow\u0105 karier\u0119<\/strong><\/strong><\/strong><\/h3>\n\n\n\n<p>Wsp\u00f3\u0142czesny rynek pracy jest globalny, a pracodawcy ceni\u0105 osoby, kt\u00f3re swobodnie pos\u0142uguj\u0105 si\u0119 wi\u0119cej ni\u017c jednym j\u0119zykiem. Absolwenci szk\u00f3\u0142 dwuj\u0119zycznych maj\u0105 przewag\u0119 w rekrutacji do presti\u017cowych uczelni oraz w zdobywaniu atrakcyjnych stanowisk w mi\u0119dzynarodowych firmach.<\/p>\n\n\n\n<h3 class=\"wp-block-heading\"><strong>4. <strong><strong>\u0141atwiejsza adaptacja do r\u00f3\u017cnych kultur<\/strong><\/strong><\/strong><\/h3>\n\n\n\n<p>Szko\u0142y dwuj\u0119zyczne w Warszawie cz\u0119sto przyci\u0105gaj\u0105 uczni\u00f3w z r\u00f3\u017cnych kraj\u00f3w i kultur. Dzi\u0119ki temu dzieci ucz\u0105 si\u0119 tolerancji, otwarto\u015bci i \u0142atwiejszej adaptacji do nowych \u015brodowisk. To niezwykle cenna umiej\u0119tno\u015b\u0107, kt\u00f3ra pomaga w \u017cyciu osobistym i zawodowym.<\/p>\n\n\n\n<h3 class=\"wp-block-heading\"><strong>5. <strong><strong>Lepsze wyniki akademickie<\/strong><\/strong><\/strong><\/h3>\n\n\n\n<p>Badania wykazuj\u0105, \u017ce dzieci ucz\u0105ce si\u0119 w systemie dwuj\u0119zycznym osi\u0105gaj\u0105 lepsze wyniki w testach z matematyki, nauk przyrodniczych i przedmiot\u00f3w humanistycznych.<\/p>\n\n\n\n<p>Dwuj\u0119zyczno\u015b\u0107 wspiera:<\/p>\n\n\n\n<ul class=\"wp-block-list\">\n<li><strong>bardziej elastyczne my\u015blenie.<\/strong><\/li>\n<\/ul>\n\n\n\n<ul class=\"wp-block-list\">\n<li><strong>umiej\u0119tno\u015b\u0107 \u0142\u0105czenia fakt\u00f3w,<\/strong><\/li>\n<\/ul>\n\n\n\n<ul class=\"wp-block-list\">\n<li><strong>efektywne przyswajanie nowej wiedzy.<\/strong><\/li>\n<\/ul>\n\n\n\n<h3 class=\"wp-block-heading\"><strong>6. <strong><strong>Wi\u0119ksza kreatywno\u015b\u0107 i elastyczno\u015b\u0107 umys\u0142u<\/strong><\/strong><\/strong><\/h3>\n\n\n\n<p>Dzieci ucz\u0105ce si\u0119 w dw\u00f3ch j\u0119zykach s\u0105 bardziej kreatywne i lepiej radz\u0105 sobie z nietypowymi wyzwaniami. Przyswajanie dw\u00f3ch system\u00f3w j\u0119zykowych uczy elastyczno\u015bci umys\u0142u oraz umiej\u0119tno\u015bci poszukiwania nieszablonowych rozwi\u0105za\u0144.<\/p>\n\n\n\n<h3 class=\"wp-block-heading\"><strong>7. <strong><strong>Wi\u0119ksza pewno\u015b\u0107 siebie<\/strong><\/strong><\/strong><\/h3>\n\n\n\n<p>Dzieci, kt\u00f3re swobodnie komunikuj\u0105 si\u0119 w wi\u0119cej ni\u017c jednym j\u0119zyku, s\u0105 bardziej pewne siebie. Umiej\u0119tno\u015b\u0107 porozumiewania si\u0119 w r\u00f3\u017cnych j\u0119zykach buduje ich samodzielno\u015b\u0107 i odwag\u0119 w kontaktach mi\u0119dzynarodowych.<\/p>\n\n\n\n<h3 class=\"wp-block-heading\"><strong>8. <strong><strong>Przygotowanie do studi\u00f3w za granic\u0105<\/strong><\/strong><\/strong><\/h3>\n\n\n\n<p>CSzko\u0142y dwuj\u0119zyczne cz\u0119sto oferuj\u0105 programy mi\u0119dzynarodowe, takie jak International Baccalaureate (IB), British Curriculum czy American High School Diploma. Dzi\u0119ki temu uczniowie maj\u0105 wi\u0119ksze szanse na dostanie si\u0119 na renomowane uczelnie za granic\u0105.<\/p>\n\n\n\n<h3 class=\"wp-block-heading\"><strong>9. <strong>Podsumowanie<\/strong><\/strong><\/h3>\n\n\n\n<p>Wyb\u00f3r dwuj\u0119zycznej szko\u0142y w Warszawie to inwestycja w przysz\u0142o\u015b\u0107 dziecka. Poza bieg\u0142\u0105 znajomo\u015bci\u0105 dw\u00f3ch j\u0119zyk\u00f3w, uczniowie zdobywaj\u0105 lepsze kompetencje poznawcze, rozwijaj\u0105 kreatywno\u015b\u0107, pewno\u015b\u0107 siebie i umiej\u0119tno\u015b\u0107 adaptacji w mi\u0119dzynarodowym \u015brodowisku.<\/p>\n\n\n\n<p>Je\u015bli zastanawiasz si\u0119 nad wyborem szko\u0142y dla swojego dziecka, warto rozwa\u017cy\u0107 opcj\u0119 dwuj\u0119zyczn\u0105. Skontaktuj si\u0119 z nami, aby dowiedzie\u0107 si\u0119 wi\u0119cej o naszym podej\u015bciu do edukacji!<\/p>\n\n\n\n<p><\/p>","protected":false},"excerpt":{"rendered":"<p>W dzisiejszym \u015bwiecie znajomo\u015b\u0107 wi\u0119cej ni\u017c jednego j\u0119zyka to ogromna zaleta. Wyb\u00f3r dwuj\u0119zycznej szko\u0142y w Warszawie mo\u017ce by\u0107 jednym z najlepszych krok\u00f3w w kierunku wszechstronnego rozwoju dziecka. Nauka w takim \u015brodowisku niesie za sob\u0105 wiele korzy\u015bci \u2013 zar\u00f3wno akademickich, jak i osobistych. Przyjrzyjmy si\u0119 najwa\u017cniejszym z nich. 1. Bieg\u0142a znajomo\u015b\u0107 dw\u00f3ch j\u0119zyk\u00f3w G\u0142\u00f3wn\u0105 zalet\u0105 ucz\u0119szczania [&hellip;]<\/p>\n","protected":false},"author":1,"featured_media":0,"parent":0,"menu_order":0,"comment_status":"closed","ping_status":"closed","template":"","meta":{"_uag_custom_page_level_css":"","site-sidebar-layout":"default","site-content-layout":"","ast-site-content-layout":"default","site-content-style":"default","site-sidebar-style":"default","ast-global-header-display":"","ast-banner-title-visibility":"","ast-main-header-display":"","ast-hfb-above-header-display":"","ast-hfb-below-header-display":"","ast-hfb-mobile-header-display":"","site-post-title":"","ast-breadcrumbs-content":"","ast-featured-img":"","footer-sml-layout":"","ast-disable-related-posts":"","theme-transparent-header-meta":"","adv-header-id-meta":"","stick-header-meta":"","header-above-stick-meta":"","header-main-stick-meta":"","header-below-stick-meta":"","astra-migrate-meta-layouts":"set","ast-page-background-enabled":"default","ast-page-background-meta":{"desktop":{"background-color":"","background-image":"","background-repeat":"repeat","background-position":"center center","background-size":"auto","background-attachment":"scroll","background-type":"","background-media":"","overlay-type":"","overlay-color":"","overlay-opacity":"","overlay-gradient":""},"tablet":{"background-color":"","background-image":"","background-repeat":"repeat","background-position":"center center","background-size":"auto","background-attachment":"scroll","background-type":"","background-media":"","overlay-type":"","overlay-color":"","overlay-opacity":"","overlay-gradient":""},"mobile":{"background-color":"","background-image":"","background-repeat":"repeat","background-position":"center center","background-size":"auto","background-attachment":"scroll","background-type":"","background-media":"","overlay-type":"","overlay-color":"","overlay-opacity":"","overlay-gradient":""}},"ast-content-background-meta":{"desktop":{"background-color":"var(--ast-global-color-5)","background-image":"","background-repeat":"repeat","background-position":"center center","background-size":"auto","background-attachment":"scroll","background-type":"","background-media":"","overlay-type":"","overlay-color":"","overlay-opacity":"","overlay-gradient":""},"tablet":{"background-color":"var(--ast-global-color-5)","background-image":"","background-repeat":"repeat","background-position":"center center","background-size":"auto","background-attachment":"scroll","background-type":"","background-media":"","overlay-type":"","overlay-color":"","overlay-opacity":"","overlay-gradient":""},"mobile":{"background-color":"var(--ast-global-color-5)","background-image":"","background-repeat":"repeat","background-position":"center center","background-size":"auto","background-attachment":"scroll","background-type":"","background-media":"","overlay-type":"","overlay-color":"","overlay-opacity":"","overlay-gradient":""}},"footnotes":""},"class_list":["post-2676","page","type-page","status-publish","hentry"],"uagb_featured_image_src":{"full":false,"thumbnail":false,"medium":false,"medium_large":false,"large":false,"1536x1536":false,"2048x2048":false,"trp-custom-language-flag":false},"uagb_author_info":{"display_name":"kuba.kopec","author_link":"https:\/\/multischool.pl\/en\/author\/kuba-kopec\/"},"uagb_comment_info":0,"uagb_excerpt":"W dzisiejszym \u015bwiecie znajomo\u015b\u0107 wi\u0119cej ni\u017c jednego j\u0119zyka to ogromna zaleta. Wyb\u00f3r dwuj\u0119zycznej szko\u0142y w Warszawie mo\u017ce by\u0107 jednym z najlepszych krok\u00f3w w kierunku wszechstronnego rozwoju dziecka. Nauka w takim \u015brodowisku niesie za sob\u0105 wiele korzy\u015bci \u2013 zar\u00f3wno akademickich, jak i osobistych. Przyjrzyjmy si\u0119 najwa\u017cniejszym z nich. 1. Bieg\u0142a znajomo\u015b\u0107 dw\u00f3ch j\u0119zyk\u00f3w G\u0142\u00f3wn\u0105 zalet\u0105 ucz\u0119szczania&hellip;","_links":{"self":[{"href":"https:\/\/multischool.pl\/en\/wp-json\/wp\/v2\/pages\/2676","targetHints":{"allow":["GET"]}}],"collection":[{"href":"https:\/\/multischool.pl\/en\/wp-json\/wp\/v2\/pages"}],"about":[{"href":"https:\/\/multischool.pl\/en\/wp-json\/wp\/v2\/types\/page"}],"author":[{"embeddable":true,"href":"https:\/\/multischool.pl\/en\/wp-json\/wp\/v2\/users\/1"}],"replies":[{"embeddable":true,"href":"https:\/\/multischool.pl\/en\/wp-json\/wp\/v2\/comments?post=2676"}],"version-history":[{"count":3,"href":"https:\/\/multischool.pl\/en\/wp-json\/wp\/v2\/pages\/2676\/revisions"}],"predecessor-version":[{"id":2689,"href":"https:\/\/multischool.pl\/en\/wp-json\/wp\/v2\/pages\/2676\/revisions\/2689"}],"wp:attachment":[{"href":"https:\/\/multischool.pl\/en\/wp-json\/wp\/v2\/media?parent=2676"}],"curies":[{"name":"wp","href":"https:\/\/api.w.org\/{rel}","templated":true}]}}