{"id":2706,"date":"2025-04-14T12:46:32","date_gmt":"2025-04-14T10:46:32","guid":{"rendered":"https:\/\/multischool.pl\/?page_id=2706"},"modified":"2025-04-14T12:46:32","modified_gmt":"2025-04-14T10:46:32","slug":"benefity-nauki-z-native-speakerem","status":"publish","type":"page","link":"https:\/\/multischool.pl\/en\/benefity-nauki-z-native-speakerem\/","title":{"rendered":"Benefits of learning with a native speaker"},"content":{"rendered":"<p>Nauka j\u0119zyka obcego to niezwykle cenna umiej\u0119tno\u015b\u0107, a jednym z najlepszych sposob\u00f3w na jej opanowanie jest kontakt z native speakerem. Osoby, dla kt\u00f3rych dany j\u0119zyk jest ojczystym, oferuj\u0105 unikalne korzy\u015bci, kt\u00f3re trudno uzyska\u0107 w tradycyjnej nauce. Oto najwa\u017cniejsze powody, dla kt\u00f3rych warto uczy\u0107 si\u0119 z native speakerem.<\/p>\n\n\n\n<h3 class=\"wp-block-heading\"><strong>1. <strong><strong><strong>Nauka naturalnej wymowy i akcentu<\/strong><\/strong><\/strong><\/strong><\/h3>\n\n\n\n<p>Jednym z g\u0142\u00f3wnych wyzwa\u0144 w nauce j\u0119zyka jest poprawna wymowa. Native speakerzy m\u00f3wi\u0105 w spos\u00f3b naturalny, co pozwala uczniom:<\/p>\n\n\n\n<ul class=\"wp-block-list\">\n<li>Lepsze rozumienie akcentu i intonacji,<\/li>\n<\/ul>\n\n\n\n<ul class=\"wp-block-list\">\n<li>Eliminowanie typowych b\u0142\u0119d\u00f3w w wymowie,<\/li>\n<\/ul>\n\n\n\n<ul class=\"wp-block-list\">\n<li>Eliminowanie typowych b\u0142\u0119d\u00f3w w wymowie,<\/li>\n<\/ul>\n\n\n\n<ul class=\"wp-block-list\"><\/ul>\n\n\n\n<p>Regularne konwersacje pomagaj\u0105 przyswoi\u0107 prawid\u0142owe d\u017awi\u0119ki i melodi\u0119 j\u0119zyka w spos\u00f3b intuicyjny.<\/p>\n\n\n\n<h3 class=\"wp-block-heading\"><strong>2. <strong><strong><strong>Poprawa p\u0142ynno\u015bci j\u0119zykowej<\/strong><\/strong><\/strong><\/strong><\/h3>\n\n\n\n<p>Ucz\u0105c si\u0119 z native speakerem, masz okazj\u0119 do \u015bwiadomego i praktycznego u\u017cywania j\u0119zyka w codziennych sytuacjach. Praktyka konwersacyjna pozwala:<\/p>\n\n\n\n<ul class=\"wp-block-list\">\n<li><strong>Szybciej formu\u0142owa\u0107 zdania,<\/strong><\/li>\n<\/ul>\n\n\n\n<ul class=\"wp-block-list\">\n<li><strong>Poczucie pewno\u015bci podczas rozm\u00f3w,<\/strong><\/li>\n<\/ul>\n\n\n\n<ul class=\"wp-block-list\">\n<li><strong>Zmniejszenie bariery j\u0119zykowej.<\/strong><\/li>\n<\/ul>\n\n\n\n<p>Codzienny kontakt z j\u0119zykiem sprawia, \u017ce nauka staje si\u0119 bardziej naturalna i efektywna.<\/p>\n\n\n\n<h3 class=\"wp-block-heading\"><strong>3. <strong><strong><strong>Autentyczne s\u0142ownictwo i zwroty<\/strong><\/strong><\/strong><\/strong><\/h3>\n\n\n\n<p>Podr\u0119czniki i kursy j\u0119zykowe cz\u0119sto ucz\u0105 formalnego j\u0119zyka, kt\u00f3ry nie zawsze odpowiada rzeczywistej komunikacji. Native speakerzy wprowadzaj\u0105 uczni\u00f3w w:<\/p>\n\n\n\n<ul class=\"wp-block-list\">\n<li><strong>Potoczne zwroty i idiomy,<\/strong><\/li>\n<\/ul>\n\n\n\n<ul class=\"wp-block-list\">\n<li><strong>Aktualne i u\u017cywane na co dzie\u0144 wyra\u017cenia,<\/strong><\/li>\n<\/ul>\n\n\n\n<ul class=\"wp-block-list\">\n<li><strong>R\u00f3\u017cnice mi\u0119dzy j\u0119zykiem formalnym a nieformalnym.<\/strong><\/li>\n<\/ul>\n\n\n\n<p>Dzi\u0119ki temu mo\u017cesz lepiej rozumie\u0107 filmy, seriale, piosenki i rozmowy mi\u0119dzy native speakerami.<\/p>\n\n\n\n<h3 class=\"wp-block-heading\"><strong>4. <strong><strong><strong>Zrozumienie kultury i kontekstu<\/strong><\/strong><\/strong><\/strong><\/h3>\n\n\n\n<p>J\u0119zyk to nie tylko s\u0142owa, ale r\u00f3wnie\u017c kontekst kulturowy. Native speakerzy pomagaj\u0105 uczniom zrozumie\u0107:<\/p>\n\n\n\n<ul class=\"wp-block-list\">\n<li><strong>Normy i zwyczaje j\u0119zykowe,<\/strong><\/li>\n<\/ul>\n\n\n\n<ul class=\"wp-block-list\">\n<li><strong>Kontekst historyczny i spo\u0142eczny,<\/strong><\/li>\n<\/ul>\n\n\n\n<ul class=\"wp-block-list\">\n<li><strong>Jak dostosowa\u0107 j\u0119zyk do sytuacji i rozm\u00f3wc\u00f3w.<\/strong><\/li>\n<\/ul>\n\n\n\n<p>Dzi\u0119ki temu mo\u017cesz unikn\u0105\u0107 niezr\u0119cznych b\u0142\u0119d\u00f3w i lepiej odnale\u017a\u0107 si\u0119 w mi\u0119dzynarodowym \u015brodowisku.<\/p>\n\n\n\n<h3 class=\"wp-block-heading\"><strong>5. <strong><strong><strong>Personalizowana nauka<\/strong><\/strong><\/strong><\/strong><\/h3>\n\n\n\n<p>Lekcje z native speakerem s\u0105 dostosowane do Twoich potrzeb i poziomu. Mo\u017cesz skupi\u0107 si\u0119 na:<\/p>\n\n\n\n<ul class=\"wp-block-list\">\n<li>Konwersacjach na interesuj\u0105ce Ci\u0119 tematy,<\/li>\n<\/ul>\n\n\n\n<ul class=\"wp-block-list\">\n<li>Doskonaleniu konkretnej umiej\u0119tno\u015bci (np. pisania, rozumienia ze s\u0142uchu),<\/li>\n<\/ul>\n\n\n\n<ul class=\"wp-block-list\">\n<li>Przygotowaniu do egzamin\u00f3w j\u0119zykowych.<\/li>\n<\/ul>\n\n\n\n<ul class=\"wp-block-list\"><\/ul>\n\n\n\n<p>Elastyczno\u015b\u0107 takiej nauki sprawia, \u017ce szybciej osi\u0105gniesz zamierzone cele.<\/p>\n\n\n\n<h3 class=\"wp-block-heading\"><strong>6. <strong><strong><strong>Wi\u0119ksza motywacja do nauki<\/strong><\/strong><\/strong><\/strong><\/h3>\n\n\n\n<p>Lekcje z native speakerem s\u0105 dynamiczne i anga\u017cuj\u0105ce, co sprawia, \u017ce uczniowie czuj\u0105 si\u0119 bardziej zmotywowani. Bezpo\u015bredni kontakt z \u017cywym j\u0119zykiem:<\/p>\n\n\n\n<ul class=\"wp-block-list\">\n<li><strong><strong><strong>Buduje pewno\u015b\u0107 siebie,<\/strong><\/strong><\/strong><\/li>\n<\/ul>\n\n\n\n<ul class=\"wp-block-list\">\n<li><strong><strong><strong><strong>Pozwala widzie\u0107 post\u0119py w praktyce,<\/strong><\/strong><\/strong><\/strong><\/li>\n<\/ul>\n\n\n\n<ul class=\"wp-block-list\">\n<li><strong><strong><strong><strong>Sprawia, \u017ce nauka jest przyjemniejsza i mniej stresuj\u0105ca.<\/strong><\/strong><\/strong><\/strong><\/li>\n<\/ul>\n\n\n\n<ul class=\"wp-block-list\"><\/ul>\n\n\n\n<ul class=\"wp-block-list\"><\/ul>\n\n\n\n<ul class=\"wp-block-list\"><\/ul>\n\n\n\n<ul class=\"wp-block-list\"><\/ul>\n\n\n\n<ul class=\"wp-block-list\"><\/ul>\n\n\n\n<ul class=\"wp-block-list\"><\/ul>\n\n\n\n<ul class=\"wp-block-list\"><\/ul>\n\n\n\n<ul class=\"wp-block-list\"><\/ul>\n\n\n\n<h3 class=\"wp-block-heading\"><strong>9. <strong><strong><strong>Podsumowanie<\/strong><\/strong><\/strong><\/strong><\/h3>\n\n\n\n<p>Uczenie si\u0119 z native speakerem to jedna z najbardziej efektywnych metod nauki j\u0119zyka. Pomaga w poprawie wymowy, p\u0142ynno\u015bci i znajomo\u015bci autentycznych zwrot\u00f3w, a tak\u017ce pozwala zrozumie\u0107 kultur\u0119 danego kraju. Je\u015bli chcesz osi\u0105gn\u0105\u0107 wy\u017cszy poziom j\u0119zykowy w szybkim tempie, warto skorzysta\u0107 z tej metody!<\/p>\n\n\n\n<p><a href=\"https:\/\/multischool.pl\/en\/contact\/\" data-type=\"page\" data-id=\"364\">Je\u015bli masz pytania lub chcesz dowiedzie\u0107 si\u0119 wi\u0119cej o nauce j\u0119zyka z native speakerem, skontaktuj si\u0119 z nami!<\/a><\/p>\n\n\n\n<p><\/p>","protected":false},"excerpt":{"rendered":"<p>Nauka j\u0119zyka obcego to niezwykle cenna umiej\u0119tno\u015b\u0107, a jednym z najlepszych sposob\u00f3w na jej opanowanie jest kontakt z native speakerem. Osoby, dla kt\u00f3rych dany j\u0119zyk jest ojczystym, oferuj\u0105 unikalne korzy\u015bci, kt\u00f3re trudno uzyska\u0107 w tradycyjnej nauce. Oto najwa\u017cniejsze powody, dla kt\u00f3rych warto uczy\u0107 si\u0119 z native speakerem. 1. Nauka naturalnej wymowy i akcentu Jednym z [&hellip;]<\/p>\n","protected":false},"author":1,"featured_media":0,"parent":0,"menu_order":0,"comment_status":"closed","ping_status":"closed","template":"","meta":{"_uag_custom_page_level_css":"","site-sidebar-layout":"default","site-content-layout":"","ast-site-content-layout":"default","site-content-style":"default","site-sidebar-style":"default","ast-global-header-display":"","ast-banner-title-visibility":"","ast-main-header-display":"","ast-hfb-above-header-display":"","ast-hfb-below-header-display":"","ast-hfb-mobile-header-display":"","site-post-title":"","ast-breadcrumbs-content":"","ast-featured-img":"","footer-sml-layout":"","ast-disable-related-posts":"","theme-transparent-header-meta":"","adv-header-id-meta":"","stick-header-meta":"","header-above-stick-meta":"","header-main-stick-meta":"","header-below-stick-meta":"","astra-migrate-meta-layouts":"set","ast-page-background-enabled":"default","ast-page-background-meta":{"desktop":{"background-color":"","background-image":"","background-repeat":"repeat","background-position":"center center","background-size":"auto","background-attachment":"scroll","background-type":"","background-media":"","overlay-type":"","overlay-color":"","overlay-opacity":"","overlay-gradient":""},"tablet":{"background-color":"","background-image":"","background-repeat":"repeat","background-position":"center center","background-size":"auto","background-attachment":"scroll","background-type":"","background-media":"","overlay-type":"","overlay-color":"","overlay-opacity":"","overlay-gradient":""},"mobile":{"background-color":"","background-image":"","background-repeat":"repeat","background-position":"center center","background-size":"auto","background-attachment":"scroll","background-type":"","background-media":"","overlay-type":"","overlay-color":"","overlay-opacity":"","overlay-gradient":""}},"ast-content-background-meta":{"desktop":{"background-color":"var(--ast-global-color-5)","background-image":"","background-repeat":"repeat","background-position":"center center","background-size":"auto","background-attachment":"scroll","background-type":"","background-media":"","overlay-type":"","overlay-color":"","overlay-opacity":"","overlay-gradient":""},"tablet":{"background-color":"var(--ast-global-color-5)","background-image":"","background-repeat":"repeat","background-position":"center center","background-size":"auto","background-attachment":"scroll","background-type":"","background-media":"","overlay-type":"","overlay-color":"","overlay-opacity":"","overlay-gradient":""},"mobile":{"background-color":"var(--ast-global-color-5)","background-image":"","background-repeat":"repeat","background-position":"center center","background-size":"auto","background-attachment":"scroll","background-type":"","background-media":"","overlay-type":"","overlay-color":"","overlay-opacity":"","overlay-gradient":""}},"footnotes":""},"class_list":["post-2706","page","type-page","status-publish","hentry"],"uagb_featured_image_src":{"full":false,"thumbnail":false,"medium":false,"medium_large":false,"large":false,"1536x1536":false,"2048x2048":false,"trp-custom-language-flag":false},"uagb_author_info":{"display_name":"kuba.kopec","author_link":"https:\/\/multischool.pl\/en\/author\/kuba-kopec\/"},"uagb_comment_info":0,"uagb_excerpt":"Nauka j\u0119zyka obcego to niezwykle cenna umiej\u0119tno\u015b\u0107, a jednym z najlepszych sposob\u00f3w na jej opanowanie jest kontakt z native speakerem. Osoby, dla kt\u00f3rych dany j\u0119zyk jest ojczystym, oferuj\u0105 unikalne korzy\u015bci, kt\u00f3re trudno uzyska\u0107 w tradycyjnej nauce. Oto najwa\u017cniejsze powody, dla kt\u00f3rych warto uczy\u0107 si\u0119 z native speakerem. 1. Nauka naturalnej wymowy i akcentu Jednym z&hellip;","_links":{"self":[{"href":"https:\/\/multischool.pl\/en\/wp-json\/wp\/v2\/pages\/2706","targetHints":{"allow":["GET"]}}],"collection":[{"href":"https:\/\/multischool.pl\/en\/wp-json\/wp\/v2\/pages"}],"about":[{"href":"https:\/\/multischool.pl\/en\/wp-json\/wp\/v2\/types\/page"}],"author":[{"embeddable":true,"href":"https:\/\/multischool.pl\/en\/wp-json\/wp\/v2\/users\/1"}],"replies":[{"embeddable":true,"href":"https:\/\/multischool.pl\/en\/wp-json\/wp\/v2\/comments?post=2706"}],"version-history":[{"count":1,"href":"https:\/\/multischool.pl\/en\/wp-json\/wp\/v2\/pages\/2706\/revisions"}],"predecessor-version":[{"id":2707,"href":"https:\/\/multischool.pl\/en\/wp-json\/wp\/v2\/pages\/2706\/revisions\/2707"}],"wp:attachment":[{"href":"https:\/\/multischool.pl\/en\/wp-json\/wp\/v2\/media?parent=2706"}],"curies":[{"name":"wp","href":"https:\/\/api.w.org\/{rel}","templated":true}]}}